{"id":1000,"date":"2020-06-26T00:58:06","date_gmt":"2020-06-25T22:58:06","guid":{"rendered":"https:\/\/i-bacterial.com\/?post_type=product&#038;p=1000"},"modified":"2026-04-13T18:27:27","modified_gmt":"2026-04-13T16:27:27","slug":"solution-de-gel-hydro-alcoolique","status":"publish","type":"product","link":"https:\/\/i-bacterial.com\/index.php\/produit\/solution-de-gel-hydro-alcoolique\/","title":{"rendered":"Solution de gel hydro-alcoolique 5L"},"content":{"rendered":"<p>La solution de gel hydro-alcoolique i-bacterial contient 70% d\u2019alcool pour<br \/>\ngarantir une utilisation optimale sans agresser la peau<br \/>\nde vos utilisateurs. Chaque recharge peut aller jusqu\u2019\u00e0\u00a0<strong>4000<\/strong>\u00a0passages.<br \/>\nTest\u00e9e dermatologiquement, respectant la norme EN 14476 (bact\u00e9ricide et virucide) et garantissant une efficacit\u00e9 contre les Coronavirus.<\/p>\n<p><em>Composition : Alcohol d\u00e9nat, Sodium Laureth Sulfate,<\/em><br \/>\n<em>Glycerine, Polysorbate 20, Carbomer, Triethanolamine<\/em><\/p>\n<p>&nbsp;<\/p>\n<p>Vous n&#8217;avez pas encore votre borne i-bacterial ? <a href=\"\/#contact\">Commandez-la d\u00e8s maintenant !<\/a><\/p>\n<p>&nbsp;<\/p>\n<p>Une solution du groupe <a href=\"https:\/\/biolab-pharma.com\/\">Biolab-Pharma<\/a>.<\/p>\n","protected":false},"excerpt":{"rendered":"<p>La solution i-bacterial contient 70% d\u2019alcool pour<br \/>\ngarantir une utilisation optimale sans agresser la peau<br \/>\nde vos utilisateurs. Chaque recharge peut aller jusqu\u2019\u00e0\u00a0<strong>4000<\/strong>\u00a0passages.<br \/>\nTest\u00e9e dermatologiquement, respectant la norme EN 14476 (bact\u00e9ricide et virucide) et garantissant une efficacit\u00e9 contre les Coronavirus.<\/p>\n<p><em>Composition : Alcohol d\u00e9nat, Sodium Laureth Sulfate,<\/em><br \/>\n<em>Glycerine, Polysorbate 20, Carbomer, Triethanolamine<\/em><\/p>\n","protected":false},"featured_media":1161,"comment_status":"open","ping_status":"closed","template":"","meta":[],"yoast_head":"<!-- This site is optimized with the Yoast SEO plugin v15.2 - https:\/\/yoast.com\/wordpress\/plugins\/seo\/ -->\n<title>Solution de gel hydro-alcoolique 5L | i-bacterial | Recharge de 5L<\/title>\n<meta name=\"description\" content=\"La solution de gel hydro-alcoolique i-bacterial contient 70% d\u2019alcool pour garantir une utilisation optimale sans agresser la peau et jusqu&#039;\u00e0 4000 passages.\" \/>\n<meta name=\"robots\" content=\"index, follow, max-snippet:-1, max-image-preview:large, max-video-preview:-1\" \/>\n<link rel=\"canonical\" href=\"https:\/\/i-bacterial.com\/index.php\/produit\/solution-de-gel-hydro-alcoolique\/\" \/>\n<meta property=\"og:locale\" content=\"fr_FR\" \/>\n<meta property=\"og:type\" content=\"article\" \/>\n<meta property=\"og:title\" content=\"Solution de gel hydro-alcoolique 5L | i-bacterial | Recharge de 5L\" \/>\n<meta property=\"og:description\" content=\"La solution de gel hydro-alcoolique i-bacterial contient 70% d\u2019alcool pour garantir une utilisation optimale sans agresser la peau et jusqu&#039;\u00e0 4000 passages.\" \/>\n<meta property=\"og:url\" content=\"https:\/\/i-bacterial.com\/index.php\/produit\/solution-de-gel-hydro-alcoolique\/\" \/>\n<meta property=\"og:site_name\" content=\"i-bacterial\" \/>\n<meta property=\"article:modified_time\" content=\"2026-04-13T16:27:27+00:00\" \/>\n<meta property=\"og:image\" content=\"https:\/\/i-bacterial.com\/wp-content\/uploads\/2020\/06\/bidon_biopharma_solution.jpg\" \/>\n\t<meta property=\"og:image:width\" content=\"405\" \/>\n\t<meta property=\"og:image:height\" content=\"672\" \/>\n<meta name=\"twitter:card\" content=\"summary_large_image\" \/>\n<meta name=\"twitter:label1\" value=\"\u00c9crit par\">\n\t<meta name=\"twitter:data1\" value=\"admin5684\">\n\t<meta name=\"twitter:label2\" value=\"Dur\u00e9e de lecture est.\">\n\t<meta name=\"twitter:data2\" value=\"0 minute\">\n<script type=\"application\/ld+json\" class=\"yoast-schema-graph\">{\"@context\":\"https:\/\/schema.org\",\"@graph\":[{\"@type\":\"WebSite\",\"@id\":\"https:\/\/i-bacterial.com\/#website\",\"url\":\"https:\/\/i-bacterial.com\/\",\"name\":\"i-bacterial\",\"description\":\"Le distributeur de gel hydroalcoolique\",\"potentialAction\":[{\"@type\":\"SearchAction\",\"target\":\"https:\/\/i-bacterial.com\/?s={search_term_string}\",\"query-input\":\"required name=search_term_string\"}],\"inLanguage\":\"fr-FR\"},{\"@type\":\"ImageObject\",\"@id\":\"https:\/\/i-bacterial.com\/index.php\/produit\/solution-de-gel-hydro-alcoolique\/#primaryimage\",\"inLanguage\":\"fr-FR\",\"url\":\"https:\/\/i-bacterial.com\/wp-content\/uploads\/2020\/06\/bidon_biopharma_solution.jpg\",\"width\":405,\"height\":672,\"caption\":\"Solution de gel hydro-alcoolique\"},{\"@type\":\"WebPage\",\"@id\":\"https:\/\/i-bacterial.com\/index.php\/produit\/solution-de-gel-hydro-alcoolique\/#webpage\",\"url\":\"https:\/\/i-bacterial.com\/index.php\/produit\/solution-de-gel-hydro-alcoolique\/\",\"name\":\"Solution de gel hydro-alcoolique 5L | i-bacterial | Recharge de 5L\",\"isPartOf\":{\"@id\":\"https:\/\/i-bacterial.com\/#website\"},\"primaryImageOfPage\":{\"@id\":\"https:\/\/i-bacterial.com\/index.php\/produit\/solution-de-gel-hydro-alcoolique\/#primaryimage\"},\"datePublished\":\"2020-06-25T22:58:06+00:00\",\"dateModified\":\"2026-04-13T16:27:27+00:00\",\"description\":\"La solution de gel hydro-alcoolique i-bacterial contient 70% d\\u2019alcool pour garantir une utilisation optimale sans agresser la peau et jusqu'\\u00e0 4000 passages.\",\"inLanguage\":\"fr-FR\",\"potentialAction\":[{\"@type\":\"ReadAction\",\"target\":[\"https:\/\/i-bacterial.com\/index.php\/produit\/solution-de-gel-hydro-alcoolique\/\"]}]}]}<\/script>\n<!-- \/ Yoast SEO plugin. -->","_links":{"self":[{"href":"https:\/\/i-bacterial.com\/index.php\/wp-json\/wp\/v2\/product\/1000"}],"collection":[{"href":"https:\/\/i-bacterial.com\/index.php\/wp-json\/wp\/v2\/product"}],"about":[{"href":"https:\/\/i-bacterial.com\/index.php\/wp-json\/wp\/v2\/types\/product"}],"replies":[{"embeddable":true,"href":"https:\/\/i-bacterial.com\/index.php\/wp-json\/wp\/v2\/comments?post=1000"}],"wp:featuredmedia":[{"embeddable":true,"href":"https:\/\/i-bacterial.com\/index.php\/wp-json\/wp\/v2\/media\/1161"}],"wp:attachment":[{"href":"https:\/\/i-bacterial.com\/index.php\/wp-json\/wp\/v2\/media?parent=1000"}],"curies":[{"name":"wp","href":"https:\/\/api.w.org\/{rel}","templated":true}]}}